{"id":636,"date":"2024-06-13T12:51:01","date_gmt":"2024-06-13T16:51:01","guid":{"rendered":"https:\/\/playlimitless.ca\/p-l-a-y-clinic\/"},"modified":"2026-04-16T21:40:29","modified_gmt":"2026-04-17T01:40:29","slug":"p-l-a-y-clinic","status":"publish","type":"page","link":"https:\/\/playlimitless.ca\/fr\/p-l-a-y-clinic\/","title":{"rendered":"P.L.A.Y.@CLINIC"},"content":{"rendered":"\t\t<div data-elementor-type=\"wp-page\" data-elementor-id=\"636\" class=\"elementor elementor-636 elementor-394\" data-elementor-post-type=\"page\">\n\t\t\t\t<div class=\"elementor-element elementor-element-b64f7d9 e-con-full e-flex e-con e-parent\" data-id=\"b64f7d9\" data-element_type=\"container\" data-e-type=\"container\" data-settings=\"{&quot;background_background&quot;:&quot;classic&quot;,&quot;shape_divider_bottom&quot;:&quot;wave-brush&quot;}\">\n\t\t\t\t<div class=\"elementor-shape elementor-shape-bottom\" aria-hidden=\"true\" data-negative=\"false\">\n\t\t\t<svg xmlns=\"http:\/\/www.w3.org\/2000\/svg\" viewBox=\"0 0 283.5 27.8\" preserveAspectRatio=\"none\">\n\t<path class=\"elementor-shape-fill\" d=\"M283.5,9.7c0,0-7.3,4.3-14,4.6c-6.8,0.3-12.6,0-20.9-1.5c-11.3-2-33.1-10.1-44.7-5.7\ts-12.1,4.6-18,7.4c-6.6,3.2-20,9.6-36.6,9.3C131.6,23.5,99.5,7.2,86.3,8c-1.4,0.1-6.6,0.8-10.5,2c-3.8,1.2-9.4,3.8-17,4.7\tc-3.2,0.4-8.3,1.1-14.2,0.9c-1.5-0.1-6.3-0.4-12-1.6c-5.7-1.2-11-3.1-15.8-3.7C6.5,9.2,0,10.8,0,10.8V0h283.5V9.7z M260.8,11.3\tc-0.7-1-2-0.4-4.3-0.4c-2.3,0-6.1-1.2-5.8-1.1c0.3,0.1,3.1,1.5,6,1.9C259.7,12.2,261.4,12.3,260.8,11.3z M242.4,8.6\tc0,0-2.4-0.2-5.6-0.9c-3.2-0.8-10.3-2.8-15.1-3.5c-8.2-1.1-15.8,0-15.1,0.1c0.8,0.1,9.6-0.6,17.6,1.1c3.3,0.7,9.3,2.2,12.4,2.7\tC239.9,8.7,242.4,8.6,242.4,8.6z M185.2,8.5c1.7-0.7-13.3,4.7-18.5,6.1c-2.1,0.6-6.2,1.6-10,2c-3.9,0.4-8.9,0.4-8.8,0.5\tc0,0.2,5.8,0.8,11.2,0c5.4-0.8,5.2-1.1,7.6-1.6C170.5,14.7,183.5,9.2,185.2,8.5z M199.1,6.9c0.2,0-0.8-0.4-4.8,1.1\tc-4,1.5-6.7,3.5-6.9,3.7c-0.2,0.1,3.5-1.8,6.6-3C197,7.5,199,6.9,199.1,6.9z M283,6c-0.1,0.1-1.9,1.1-4.8,2.5s-6.9,2.8-6.7,2.7\tc0.2,0,3.5-0.6,7.4-2.5C282.8,6.8,283.1,5.9,283,6z M31.3,11.6c0.1-0.2-1.9-0.2-4.5-1.2s-5.4-1.6-7.8-2C15,7.6,7.3,8.5,7.7,8.6\tC8,8.7,15.9,8.3,20.2,9.3c2.2,0.5,2.4,0.5,5.7,1.6S31.2,11.9,31.3,11.6z M73,9.2c0.4-0.1,3.5-1.6,8.4-2.6c4.9-1.1,8.9-0.5,8.9-0.8\tc0-0.3-1-0.9-6.2-0.3S72.6,9.3,73,9.2z M71.6,6.7C71.8,6.8,75,5.4,77.3,5c2.3-0.3,1.9-0.5,1.9-0.6c0-0.1-1.1-0.2-2.7,0.2\tC74.8,5.1,71.4,6.6,71.6,6.7z M93.6,4.4c0.1,0.2,3.5,0.8,5.6,1.8c2.1,1,1.8,0.6,1.9,0.5c0.1-0.1-0.8-0.8-2.4-1.3\tC97.1,4.8,93.5,4.2,93.6,4.4z M65.4,11.1c-0.1,0.3,0.3,0.5,1.9-0.2s2.6-1.3,2.2-1.2s-0.9,0.4-2.5,0.8C65.3,10.9,65.5,10.8,65.4,11.1\tz M34.5,12.4c-0.2,0,2.1,0.8,3.3,0.9c1.2,0.1,2,0.1,2-0.2c0-0.3-0.1-0.5-1.6-0.4C36.6,12.8,34.7,12.4,34.5,12.4z M152.2,21.1\tc-0.1,0.1-2.4-0.3-7.5-0.3c-5,0-13.6-2.4-17.2-3.5c-3.6-1.1,10,3.9,16.5,4.1C150.5,21.6,152.3,21,152.2,21.1z\"\/>\n\t<path class=\"elementor-shape-fill\" d=\"M269.6,18c-0.1-0.1-4.6,0.3-7.2,0c-7.3-0.7-17-3.2-16.6-2.9c0.4,0.3,13.7,3.1,17,3.3\tC267.7,18.8,269.7,18,269.6,18z\"\/>\n\t<path class=\"elementor-shape-fill\" d=\"M227.4,9.8c-0.2-0.1-4.5-1-9.5-1.2c-5-0.2-12.7,0.6-12.3,0.5c0.3-0.1,5.9-1.8,13.3-1.2\tS227.6,9.9,227.4,9.8z\"\/>\n\t<path class=\"elementor-shape-fill\" d=\"M204.5,13.4c-0.1-0.1,2-1,3.2-1.1c1.2-0.1,2,0,2,0.3c0,0.3-0.1,0.5-1.6,0.4\tC206.4,12.9,204.6,13.5,204.5,13.4z\"\/>\n\t<path class=\"elementor-shape-fill\" d=\"M201,10.6c0-0.1-4.4,1.2-6.3,2.2c-1.9,0.9-6.2,3.1-6.1,3.1c0.1,0.1,4.2-1.6,6.3-2.6\tS201,10.7,201,10.6z\"\/>\n\t<path class=\"elementor-shape-fill\" d=\"M154.5,26.7c-0.1-0.1-4.6,0.3-7.2,0c-7.3-0.7-17-3.2-16.6-2.9c0.4,0.3,13.7,3.1,17,3.3\tC152.6,27.5,154.6,26.8,154.5,26.7z\"\/>\n\t<path class=\"elementor-shape-fill\" d=\"M41.9,19.3c0,0,1.2-0.3,2.9-0.1c1.7,0.2,5.8,0.9,8.2,0.7c4.2-0.4,7.4-2.7,7-2.6\tc-0.4,0-4.3,2.2-8.6,1.9c-1.8-0.1-5.1-0.5-6.7-0.4S41.9,19.3,41.9,19.3z\"\/>\n\t<path class=\"elementor-shape-fill\" d=\"M75.5,12.6c0.2,0.1,2-0.8,4.3-1.1c2.3-0.2,2.1-0.3,2.1-0.5c0-0.1-1.8-0.4-3.4,0\tC76.9,11.5,75.3,12.5,75.5,12.6z\"\/>\n\t<path class=\"elementor-shape-fill\" d=\"M15.6,13.2c0-0.1,4.3,0,6.7,0.5c2.4,0.5,5,1.9,5,2c0,0.1-2.7-0.8-5.1-1.4\tC19.9,13.7,15.7,13.3,15.6,13.2z\"\/>\n<\/svg>\t\t<\/div>\n\t\t\t\t<div class=\"elementor-element elementor-element-bdd0523 elementor-widget elementor-widget-heading\" data-id=\"bdd0523\" data-element_type=\"widget\" data-e-type=\"widget\" data-widget_type=\"heading.default\">\n\t\t\t\t<div class=\"elementor-widget-container\">\n\t\t\t\t\t<h1 class=\"elementor-heading-title elementor-size-default\">P.L.A.Y.@CLINIC<\/h1>\t\t\t\t<\/div>\n\t\t\t\t<\/div>\n\t\t\t\t<\/div>\n\t\t<div class=\"elementor-element elementor-element-6d2217a e-flex e-con-boxed e-con e-parent\" data-id=\"6d2217a\" data-element_type=\"container\" data-e-type=\"container\">\n\t\t\t\t\t<div class=\"e-con-inner\">\n\t\t<div class=\"elementor-element elementor-element-d204525 e-con-full e-flex e-con e-child\" data-id=\"d204525\" data-element_type=\"container\" data-e-type=\"container\">\n\t\t\t\t<div class=\"elementor-element elementor-element-ffc4291 elementor-widget elementor-widget-image\" data-id=\"ffc4291\" data-element_type=\"widget\" data-e-type=\"widget\" data-widget_type=\"image.default\">\n\t\t\t\t<div class=\"elementor-widget-container\">\n\t\t\t\t\t\t\t\t\t\t\t\t\t\t\t<img fetchpriority=\"high\" decoding=\"async\" width=\"512\" height=\"512\" src=\"https:\/\/playlimitless.ca\/wp-content\/uploads\/2024\/02\/school.png\" class=\"attachment-large size-large wp-image-623\" alt=\"\" srcset=\"https:\/\/playlimitless.ca\/wp-content\/uploads\/2024\/02\/school.png 512w, https:\/\/playlimitless.ca\/wp-content\/uploads\/2024\/02\/school-300x300.png 300w, https:\/\/playlimitless.ca\/wp-content\/uploads\/2024\/02\/school-150x150.png 150w\" sizes=\"(max-width: 512px) 100vw, 512px\" \/>\t\t\t\t\t\t\t\t\t\t\t\t\t\t\t<\/div>\n\t\t\t\t<\/div>\n\t\t\t\t<\/div>\n\t\t<div class=\"elementor-element elementor-element-1d9ab8b e-con-full e-flex e-con e-child\" data-id=\"1d9ab8b\" data-element_type=\"container\" data-e-type=\"container\">\n\t\t\t\t<div class=\"elementor-element elementor-element-3e8459b elementor-widget elementor-widget-text-editor\" data-id=\"3e8459b\" data-element_type=\"widget\" data-e-type=\"widget\" data-widget_type=\"text-editor.default\">\n\t\t\t\t<div class=\"elementor-widget-container\">\n\t\t\t\t\t\t\t\t\t<p><span style=\"font-weight: 400;\">P.L.A.Y.@CLINIC est un service d&rsquo;ergoth\u00e9rapie offert en clinique. Notre clinique fait partie de la <strong>Clinique de th\u00e9rapie AccessAbilities<\/strong> (<a href=\"https:\/\/accessabilitiestherapyclinic.com\/\" target=\"_blank\" rel=\"noopener\">accessabilitiestherapyclinic.com<\/a>). Les familles peuvent prendre rendez-vous dans notre clinique principale de l&rsquo;Ouest-de-l&rsquo;\u00cele pour une \u00e9valuation et\/ou des s\u00e9ances de traitement. Nous sommes fiers d&rsquo;offrir des \u00e9valuations et des approches th\u00e9rapeutiques fond\u00e9es sur des donn\u00e9es probantes, fonctionnelles, ax\u00e9es sur les objectifs et centr\u00e9es sur la famille. Les \u00e9valuations et\/ou les traitements explorent les forces et les domaines d&rsquo;int\u00e9r\u00eat afin d&rsquo;am\u00e9liorer le fonctionnement quotidien et la participation aux activit\u00e9s qu&rsquo;un enfant doit, est cens\u00e9 ou souhaite accomplir. La plupart des services sont couverts par les compagnies d&rsquo;assurance priv\u00e9es, et des re\u00e7us d&rsquo;assurance sont fournis pour chaque \u00e9valuation et\/ou s\u00e9ance de traitement. Les cliniques disposent d&rsquo;une \u00e9quipe multidisciplinaire disponible pour des consultations suppl\u00e9mentaires, si n\u00e9cessaire.      <\/span><\/p>\t\t\t\t\t\t\t\t<\/div>\n\t\t\t\t<\/div>\n\t\t\t\t<div class=\"elementor-element elementor-element-87d66e8 elementor-widget elementor-widget-image\" data-id=\"87d66e8\" data-element_type=\"widget\" data-e-type=\"widget\" data-widget_type=\"image.default\">\n\t\t\t\t<div class=\"elementor-widget-container\">\n\t\t\t\t\t\t\t\t\t\t\t\t\t\t\t\t<a href=\"https:\/\/accessabilitiestherapyclinic.com\/\" target=\"_blank\">\n\t\t\t\t\t\t\t<img decoding=\"async\" width=\"600\" height=\"225\" src=\"https:\/\/playlimitless.ca\/wp-content\/uploads\/2024\/06\/accessabilities.webp\" class=\"attachment-full size-full wp-image-637\" alt=\"\" srcset=\"https:\/\/playlimitless.ca\/wp-content\/uploads\/2024\/06\/accessabilities.webp 600w, https:\/\/playlimitless.ca\/wp-content\/uploads\/2024\/06\/accessabilities-300x113.webp 300w\" sizes=\"(max-width: 600px) 100vw, 600px\" \/>\t\t\t\t\t\t\t\t<\/a>\n\t\t\t\t\t\t\t\t\t\t\t\t\t\t\t<\/div>\n\t\t\t\t<\/div>\n\t\t\t\t<\/div>\n\t\t\t\t\t<\/div>\n\t\t\t\t<\/div>\n\t\t<div class=\"elementor-element elementor-element-ab3536f e-con-full e-flex e-con e-parent\" data-id=\"ab3536f\" data-element_type=\"container\" data-e-type=\"container\" data-settings=\"{&quot;background_background&quot;:&quot;classic&quot;}\">\n\t\t\t\t<div class=\"elementor-element elementor-element-5075e53 elementor-widget elementor-widget-image\" data-id=\"5075e53\" data-element_type=\"widget\" data-e-type=\"widget\" data-widget_type=\"image.default\">\n\t\t\t\t<div class=\"elementor-widget-container\">\n\t\t\t\t\t\t\t\t\t\t\t\t\t\t\t<img decoding=\"async\" width=\"800\" height=\"800\" src=\"https:\/\/playlimitless.ca\/wp-content\/uploads\/2024\/04\/boy_ball.webp\" class=\"attachment-full size-full wp-image-639\" alt=\"\" srcset=\"https:\/\/playlimitless.ca\/wp-content\/uploads\/2024\/04\/boy_ball.webp 800w, https:\/\/playlimitless.ca\/wp-content\/uploads\/2024\/04\/boy_ball-300x300.webp 300w, https:\/\/playlimitless.ca\/wp-content\/uploads\/2024\/04\/boy_ball-150x150.webp 150w, https:\/\/playlimitless.ca\/wp-content\/uploads\/2024\/04\/boy_ball-768x768.webp 768w\" sizes=\"(max-width: 800px) 100vw, 800px\" \/>\t\t\t\t\t\t\t\t\t\t\t\t\t\t\t<\/div>\n\t\t\t\t<\/div>\n\t\t\t\t<div class=\"elementor-element elementor-element-556b1e7 elementor-widget elementor-widget-heading\" data-id=\"556b1e7\" data-element_type=\"widget\" data-e-type=\"widget\" data-widget_type=\"heading.default\">\n\t\t\t\t<div class=\"elementor-widget-container\">\n\t\t\t\t\t<h1 class=\"elementor-heading-title elementor-size-default\">L'objectif<\/h1>\t\t\t\t<\/div>\n\t\t\t\t<\/div>\n\t\t\t\t<div class=\"elementor-element elementor-element-6cb70d5 elementor-widget__width-initial elementor-widget elementor-widget-text-editor\" data-id=\"6cb70d5\" data-element_type=\"widget\" data-e-type=\"widget\" data-widget_type=\"text-editor.default\">\n\t\t\t\t<div class=\"elementor-widget-container\">\n\t\t\t\t\t\t\t\t\t<span style=\"font-weight: 400;\">L&rsquo;objectif est d&rsquo;aider un enfant \u00e0 atteindre son plein potentiel et \u00e0 am\u00e9liorer sa participation aux activit\u00e9s ou occupations de l&rsquo;enfance.<\/span>\t\t\t\t\t\t\t\t<\/div>\n\t\t\t\t<\/div>\n\t\t\t\t<\/div>\n\t\t<div class=\"elementor-element elementor-element-11bd142 e-con-full e-flex e-con e-parent\" data-id=\"11bd142\" data-element_type=\"container\" data-e-type=\"container\" data-settings=\"{&quot;background_background&quot;:&quot;classic&quot;}\">\n\t\t\t\t<div class=\"elementor-element elementor-element-2ced09c elementor-widget elementor-widget-image\" data-id=\"2ced09c\" data-element_type=\"widget\" data-e-type=\"widget\" data-widget_type=\"image.default\">\n\t\t\t\t<div class=\"elementor-widget-container\">\n\t\t\t\t\t\t\t\t\t\t\t\t\t\t\t<img loading=\"lazy\" decoding=\"async\" width=\"800\" height=\"800\" src=\"https:\/\/playlimitless.ca\/wp-content\/uploads\/2024\/04\/kids_hoops.webp\" class=\"attachment-full size-full wp-image-640\" alt=\"\" srcset=\"https:\/\/playlimitless.ca\/wp-content\/uploads\/2024\/04\/kids_hoops.webp 800w, https:\/\/playlimitless.ca\/wp-content\/uploads\/2024\/04\/kids_hoops-300x300.webp 300w, https:\/\/playlimitless.ca\/wp-content\/uploads\/2024\/04\/kids_hoops-150x150.webp 150w, https:\/\/playlimitless.ca\/wp-content\/uploads\/2024\/04\/kids_hoops-768x768.webp 768w\" sizes=\"(max-width: 800px) 100vw, 800px\" \/>\t\t\t\t\t\t\t\t\t\t\t\t\t\t\t<\/div>\n\t\t\t\t<\/div>\n\t\t\t\t<div class=\"elementor-element elementor-element-1e56944 elementor-widget elementor-widget-heading\" data-id=\"1e56944\" data-element_type=\"widget\" data-e-type=\"widget\" data-widget_type=\"heading.default\">\n\t\t\t\t<div class=\"elementor-widget-container\">\n\t\t\t\t\t<h1 class=\"elementor-heading-title elementor-size-default\">Le plan<\/h1>\t\t\t\t<\/div>\n\t\t\t\t<\/div>\n\t\t\t\t<div class=\"elementor-element elementor-element-ba88931 elementor-widget__width-initial elementor-widget elementor-widget-text-editor\" data-id=\"ba88931\" data-element_type=\"widget\" data-e-type=\"widget\" data-widget_type=\"text-editor.default\">\n\t\t\t\t<div class=\"elementor-widget-container\">\n\t\t\t\t\t\t\t\t\t<span style=\"font-weight: 400;\">Gr\u00e2ce \u00e0 la collaboration et \u00e0 des techniques th\u00e9rapeutiques sp\u00e9cifiques, les ergoth\u00e9rapeutes aident les enfants \u00e0 atteindre leur plein potentiel et leurs objectifs. Les ergoth\u00e9rapeutes peuvent utiliser des techniques d&rsquo;intervention telles que (sans s&rsquo;y limiter) Handwriting without Tears pour faciliter l&rsquo;acquisition de l&rsquo;\u00e9criture manuscrite ou l&rsquo;Approche cognitive d&rsquo;orientation vers la performance occupationnelle quotidienne (CO-OP) pour faciliter l&rsquo;acquisition de nouvelles habilet\u00e9s motrices. D&rsquo;autres interventions th\u00e9rapeutiques sont utilis\u00e9es selon leur pertinence pour chaque enfant.  <\/span>\t\t\t\t\t\t\t\t<\/div>\n\t\t\t\t<\/div>\n\t\t\t\t<\/div>\n\t\t\t\t<\/div>\n\t\t","protected":false},"excerpt":{"rendered":"<p>P.L.A.Y.@LIMITLESS propose des services d&rsquo;ergoth\u00e9rapie \u00e0 Montr\u00e9al, Qu\u00e9bec. P.L.A.Y. est l&rsquo;acronyme de \u00ab Promouvoir la Participation (pour aider \u00e0 g\u00e9rer les) Limitations des Jeunes Actifs \u00bb. Il existe quatre divisions, chacune offrant aux familles diverses options pour recevoir des services d&rsquo;ergoth\u00e9rapie. P.L.A.Y.@LIMITLESS est \u00e9tabli, con\u00e7u et cr\u00e9\u00e9 par une ergoth\u00e9rapeute agr\u00e9\u00e9e.<\/p>\n","protected":false},"author":1,"featured_media":615,"parent":0,"menu_order":0,"comment_status":"closed","ping_status":"closed","template":"","meta":{"footnotes":""},"class_list":["post-636","page","type-page","status-publish","has-post-thumbnail","hentry"],"_links":{"self":[{"href":"https:\/\/playlimitless.ca\/fr\/wp-json\/wp\/v2\/pages\/636","targetHints":{"allow":["GET"]}}],"collection":[{"href":"https:\/\/playlimitless.ca\/fr\/wp-json\/wp\/v2\/pages"}],"about":[{"href":"https:\/\/playlimitless.ca\/fr\/wp-json\/wp\/v2\/types\/page"}],"author":[{"embeddable":true,"href":"https:\/\/playlimitless.ca\/fr\/wp-json\/wp\/v2\/users\/1"}],"replies":[{"embeddable":true,"href":"https:\/\/playlimitless.ca\/fr\/wp-json\/wp\/v2\/comments?post=636"}],"version-history":[{"count":1,"href":"https:\/\/playlimitless.ca\/fr\/wp-json\/wp\/v2\/pages\/636\/revisions"}],"predecessor-version":[{"id":641,"href":"https:\/\/playlimitless.ca\/fr\/wp-json\/wp\/v2\/pages\/636\/revisions\/641"}],"wp:featuredmedia":[{"embeddable":true,"href":"https:\/\/playlimitless.ca\/fr\/wp-json\/wp\/v2\/media\/615"}],"wp:attachment":[{"href":"https:\/\/playlimitless.ca\/fr\/wp-json\/wp\/v2\/media?parent=636"}],"curies":[{"name":"wp","href":"https:\/\/api.w.org\/{rel}","templated":true}]}}